{"id":870,"date":"2022-04-11T14:18:49","date_gmt":"2022-04-11T12:18:49","guid":{"rendered":"https:\/\/www.powerhall.de\/?page_id=870"},"modified":"2025-12-10T14:16:18","modified_gmt":"2025-12-10T13:16:18","slug":"allgemeine-geschaeftsbedigungen-agb","status":"publish","type":"page","link":"https:\/\/www.powerhall.de\/?page_id=870","title":{"rendered":"Allgemeine Gesch\u00e4ftsbedigungen (AGB)"},"content":{"rendered":"\n<p><\/p>\n\n\n\n<p>POWERhall kart&amp;event GmbH                                                                                     Stand 03.2025<br>Diese Allgemeinen Gesch\u00e4ftsbedingungen (im Folgenden: AGB) gelten f\u00fcr alle gegenw\u00e4rtigen und<br>zuk\u00fcnftigen Gesch\u00e4ftsbeziehungen zwischen uns, der POWERhall kart&amp;event GmbH, Wildparkstr. 8 \u2013 14,<br>09247 Chemnitz<br>im Handelsregister des Amtsgerichtes Chemnitz<br>Handelsregisternummer HRB- Nr. 31144, <br>vertreten durch den Gesch\u00e4ftsf\u00fchrer <br>Tristan Koch<br>(im Folgenden auch: Anbieter genannt) und Ihnen als Kunden.<br><br>\u00a7 1 Geltungsbereich<br>(1) F\u00fcr die Gesch\u00e4ftsbeziehung zwischen dem Anbieter und dem Kunden gelten ausschlie\u00dflich die nachfolgenden Allgemeinen Gesch\u00e4ftsbedingungen in ihrer zum Zeitpunkt der Bestellung g\u00fcltigen Fassung.<br>(2) Der Kunde ist Verbraucher, soweit der Zweck der georderten Lieferungen und Leistungen nicht \u00fcberwiegend seiner gewerblichen oder selbst\u00e4ndigen beruflichen T\u00e4tigkeit zugerechnet werden kann. Dagegen ist Unternehmer jede nat\u00fcrliche oder juristische Person oder rechtsf\u00e4hige Personengesellschaft, die beim Abschluss des Vertrags in Aus\u00fcbung ihrer gewerblichen oder selbst\u00e4ndigen beruflichen T\u00e4tigkeit handelt. Die AGB gelten unabh\u00e4ngig davon, ob Sie Verbraucher, Unternehmer oder Kaufmann sind.<br>(3) Abweichende allgemeine Gesch\u00e4ftsbedingungen des Kunden werden nicht anerkannt, es sei denn, der Anbieter stimmt ihrer Geltung ausdr\u00fccklich schriftlich zu.<br>(4) Der Anbieter ist berechtigt, diese allgemeinen Gesch\u00e4ftsbedingungen mit einer angemessenen Ank\u00fcndigungsfrist zu \u00e4ndern oder zu erg\u00e4nzen. Die Ank\u00fcndigung erfolgt ausschlie\u00dflich durch Ver\u00f6ffentlichung im Internet auf den Seiten der POWERhall (https:\/\/www.powerhall.de). Widerspricht der Kunde den ge\u00e4nderten oder erg\u00e4nzten Bedingungen nicht innerhalb von zwei Wochen nach deren Ver\u00f6ffentlichung im Internet, so werden die ge\u00e4nderten oder erg\u00e4nzenden Bedingungen wirksam. Widerspricht der Kunde fristgerecht, so ist die POWERhall berechtigt, den Vertrag zu dem Zeitpunkt zu k\u00fcndigen, an dem die ge\u00e4nderten oder erg\u00e4nzenden Gesch\u00e4ftsbedingungen in Kraft treten sollen.<br><br>\u00a7 2 Vertragsschluss \/ Buchung<br>(1) Die Pr\u00e4sentation der Buchungsangebote auf unserer Website stellt kein bindendes Angebotdar und sind bis zur Buchungsabschluss freibleibend.<br>(2) Online- Bestellung \u00fcber unseren Online-Partner Apex Timing. Wenn der Kunde online \u00fcber die Online-Buchungsfunktion (ONLINE BUCHEN) eine Bestellung aufgibt ist eine Registrierung bei uns notwendig.<br>(3) Mit dem Abschluss der Buchung \u00fcber Website durch Anklicken des Buttons \u201ezahlungspflichtig<br>bestellen\u201c geben Sie eine rechtsverbindliche Bestellung ab.<br>(4) Wir werden den Zugang Ihrer Buchung unverz\u00fcglich per E-Mail best\u00e4tigen. In einer solchen EMail liegt noch keine verbindliche Annahme der Bestellung, es sei denn, darin wird neben der Best\u00e4tigung des Zugangs zugleich die Annahme erkl\u00e4rt.<br>(5) Die Abwicklung der Bestellung und \u00dcbermittlung aller im Zusammenhang mit dem<br>Vertragsschluss erforderlichen Informationen erfolgt per E-Mail zum Teil automatisiert. Sie haben deshalb sicherzustellen, dass die von Ihnen bei uns hinterlegte E-Mail-Adresse zutreffend ist, der Empfang der E-Mails technisch sichergestellt und insbesondere nicht durch SPAM-Filter verhindert wird.<br>(6) Der Anbieter ist berechtigt bei Vertragsschluss vom Kunden eine Vorauszahlung oder<br>Sicherheitsleistung in Form einer Anzahlung oder \u00e4hnlichem zu verlangen.<br>(7) Der Kunde hat die M\u00f6glichkeit, die Dienstleistungen wie Tickets f\u00fcr Fahrten, Rennangebote oder Gutscheine vor Ort oder online zu kaufen. Der Vertrag kommt dadurch zustande, dass der Kunde eine verbindliche Bestellung abgibt und der Anbieter dieses Angebot annimmt.<br>(8) Der Vertragsschluss erfolgt in deutscher Sprache.<br>\u00a7 3 Stornierung \/ R\u00fccktritt durch Kunden \/ besondere Bestimmungen f\u00fcr<br>Gruppen und Events<br>(1)F\u00fcr alle zustande gekommenen Buchungen \u00fcber die Nutzung unserer Kartbahn und damit verbundener Leistungen gew\u00e4hren wir den Kunden eine Umbuchungs- und<br>Stornierungsm\u00f6glichkeit. Der Zeitpunkt der Stornierung bestimmt dabei den Anspruch des<br>POWERhall kart&amp;event GmbH auf eine angemessene Verg\u00fctung; ersparte Aufwendungen sind damit abgeholten.<\/p>\n\n\n\n<p>Einzelfahrten: Gratisstornierung oder Verschiebung bis 48 Std. vor dem Termin. Bis 24 Std. vor dem Termin f\u00e4llt eine Storno- und Bearbeitungsgeb\u00fchr von 50% des Preises an. Stornierung muss schriftlich per E- Mail erfolgen. Verschiebung des Termins ist hier nicht mehr m\u00f6glich. Erfolgt die<br>POWERhall kart&amp;event GmbH                                                                                                   Stand 01.2024<br>Stornierung erst zu einem sp\u00e4teren Zeitpunkt, so ist das POWERhall kart&amp;event GmbH berechtigt, 100% der gebuchten Leistung zu verrechnen.<br>\u2013 Bahnmieten\/ Veranstaltungen: Es gelten folgende Stornierungsgeb\u00fchren f\u00fcr Rennangebote ab 30 min. und Bahnmieten:<br>bis 14 Tagen vor dem Buchungstermin 50% der Verg\u00fctung<br>bis 7 Tage vor dem Buchungstermin 70% der Verg\u00fctung<br>bis 3 Tage vor dem Buchungstermin 90% der Verg\u00fctung<br>Im Falle einer Stornierung weniger als drei Tage vor dem Termin 100% der Verg\u00fctung.<br>(2)Der Vertragspartner hat uns die endg\u00fcltige Teilnehmerzahl sp\u00e4testens 10 Werktage vor dem Veranstaltungstermin mitzuteilen. Verpasst der Vertragspartner die Mitteilung der endg\u00fcltigen Teilnehmerzahl, so ist die Teilnehmerzahl des jeweiligen Vertrages bindend. Die vereinbarte Mindestteilnehmerzahl ist in jedem Falle einzuhalten und beachtlich. Eine Erh\u00f6hung der Personenzahl um mehr als 5% muss der Anbieterin sp\u00e4testens 5 Werktage vor Veranstaltungsbeginn mitgeteilt werden; sie bedarf der Zustimmung der Anbieter und soll in Textform erfolgen. Soweit keine andere Vereinbarung getroffen wird, erh\u00f6ht sich der vereinbarte Preis entsprechend, soweit Preise in Abh\u00e4ngigkeit von der Personenzahl vereinbart worden sind.<br>F\u00fcr eine Verringerung der Teilnehmerzahl gelten die Stornierungsbedingungen dieser AGB.<br>(4) Stornierungsgeb\u00fchren bei Buffet und Catering:<br>Bis 15 Tage vor der Veranstaltung 0%<br>Ab 14 Tagen vor Veranstaltungstermin 100% der Kosten f\u00fcr das Buffet und Catering. \u00c4nderung von Personenzahl bei Buffet und Catering bis sp\u00e4testens 14 Tage vor dem Termin.<br>(5) Wurde ein Catering bestellt, ist der Essenspreis je Person multipliziert mit der gemeldeten Teilnehmerzahl ma\u00dfgebend. Weitere bestellte und nicht abgenommene Leistungen werden zum vereinbarten Preis berechnet.<br>(6) Der Kunde darf Speisen und Getr\u00e4nke nicht selbst oder durch Dritte zu Veranstaltung zum dortigen Verzehr mitbringen. Ausnahmen bed\u00fcrfen einer Vereinbarung mit der Anbieterin ggf. unter Vereinbarung einer Abgeltungspauschale f\u00fcr einen hierdurch eintretenden Umsatzverlust.<br>(7) Soweit nicht im Einzelnen anders vereinbart, hat der Kunde keinen Anspruch auf Mitnahme der nicht w\u00e4hrend der Buffetzeit verzehrten Speisen. Soweit im Einzelnen die Mitnahme von Speisen vertraglich erlaubt wird, schuldet die Anbieterin nur die \u00fcbriggebliebenen Speisen mit der entsprechend durch die Auslagezeit m\u00f6glicherweise geminderten und nicht mehr verzehrgeeigneten Qualit\u00e4t.<br>(8) Stornierungen m\u00fcssen in Textform (E-Mail) gegen\u00fcber dem Anbieter erfolgen.<br>(9) Dem Kunden bleibt der Nachweis eines niedrigeren, uns der Nachweis eines h\u00f6heren Schadens vorbehalten.<br>\u00a7 4 R\u00fccktritt durch POWERhall kart&amp;event GmbH<br>(1)Sofern vereinbart wurde, dass der Kunde innerhalb einer bestimmten Frist kostenfrei vom Vertrag zur\u00fccktreten kann, ist die Anbieterin in diesem Zeitraum ebenfalls berechtigt, vom Vertrag zur\u00fcckzutreten, wenn unbedingte Angebote andere Kunden ohne kostenfreie R\u00fccktrittsvorbehalte vorliegen und der Kunde auf R\u00fcckfrage der Anbieterin mit angemessener Fristsetzung nicht auf sein vertragliches Recht zum R\u00fccktritt verzichtet.<br>(2)Wird die vereinbarte Anzahlung nicht geleistet, ist die Anbieterin nach Ablauf einer<br>angemessenen Nachfrist zum R\u00fccktritt vom Vertrag berechtigt.<br>(3)Ferner ist die Anbieterin, vorbehaltlich weitergehender gesetzlicher R\u00fccktrittsrechte,<br>berechtigt, bei Vorliegen folgender Gr\u00fcnde vom Vertrag zur\u00fcckzutreten:<br>\u2013 h\u00f6here Gewalt und andere von der Anbieterin nicht vorhersehbare und nicht zu          vertretende Ereignisse, die eine Erf\u00fcllung des Vertrags unm\u00f6glich machen;<br>\u2013 Wenn eine Veranstaltung schuldhaft unter irref\u00fchrenden oder falschen Angaben oder<br>Verschweigen wesentlicher Tatsachen gebucht wird; wesentlich kann da insbesondere die<br>Identit\u00e4t des Kunden, seine Kreditw\u00fcrdigkeit oder Veranstaltungszweck sein;<br>\u2013 Wenn die Anbieterin begr\u00fcndeten Anlass zu der Annahme hat, dass die Veranstaltung den reibungslosen Gesch\u00e4ftsbetrieb, die Sicherheit oder Ansehen Anbieterin in der \u00d6ffentlichkeit gef\u00e4hrden kann, ohne dass dies dem Herrschafts- bzw. Organisationsbereich der Anbieterin zuzurechnen ist;<br>Wenn der Zweck oder der Anlass der Veranstaltung gesetzeswidrig ist. Die Aus\u00fcbung eines<br>R\u00fccktrittsrechts schlie\u00dft die Geltendmachung von Schadensersatzanspr\u00fcchen nicht aus.<br><br>\u00a7 5 Preise und Zahlungsbedingungen<br>POWERhall kart&amp;event GmbH                                                                                                   Stand 01.2024<br>(1)Alle in der Preiseliste ausgewiesenen Preise und sonstige Entgelte sind bindend. Es handelt sich um Preise inkl. der gesetzlichen Umsatzsteuer. Betr\u00e4ge bis 1.000,00 EUR sind am Tag der Veranstaltung in Bar oder per EC\/Kreditkarte zu entrichten, wenn es nicht anders schriftlich vereinbart wurde.<br>(2) Dem Kunden stehen folgende Zahlungsm\u00f6glichkeiten zur Verf\u00fcgung: PayPal, Kartenzahlung (Mastercard, VISA, EC-Karte), Vorkasse, Bar oder per Kosten\u00fcbernahme\/ Rechnungslegen bei Eventbuchungen.<br>(3) Die Bahnmiete richtet sich nach der gebuchten Dauer der Veranstaltung inklusive<br>Bahnnutzung. Sollten weniger als die gemeldete Anzahl der Personen fahren, beeinflusst das nicht den Pauschalpreis.<br>(4) Aus organisatorischen Gr\u00fcnden ist es nicht m\u00f6glich, bei Versp\u00e4tung der Teilnehmer die Mietzeit der Bahn entsprechend der Verz\u00f6gerung zu verl\u00e4ngern.<br>(5) Zahlungen sind sofort f\u00e4llig, sp\u00e4testens aber innerhalb von 14 Tagen nach Erhalt der Leistung zu zahlen. Skonto kann nicht gew\u00e4hrt werden. Nach Ablauf der Frist kommt der Vertragspartner in Zahlungsverzug.<br>(6) \u00dcberschreitet der Zeitraum zwischen Vertragsabschluss und Leistungsstellung 6 Monate, so beh\u00e4lt der Anbieter das Recht vor, Preis\u00e4nderungen auch ohne vorherige Ank\u00fcndigung vorzunehmen.<br><br>\u00a7 6 Gutscheine<br>(1) Gutscheine und eventuell vorhandene Restguthaben sind bis zum Ende des dritten Jahres nach dem Jahr des Gutscheinkaufs einl\u00f6sbar.<br>(2) Eine Auszahlung eines Gutscheins ist nicht m\u00f6glich.<br>(4) Pro Bestellung ist nur ein Gutschein einl\u00f6sbar.<br>(5) Der Gutschein kann nur den Erwerb von Dienstleistungen und nicht f\u00fcr den Erwerb von<br>weiteren Gutscheinen verwendet werden.<br>(6) Der Gutschein ist \u00fcbertragbar. Der Anbieter kann mit befreiender Wirkung an den jeweiligen Inhaber leisten. Dies gilt nicht, wenn der Anbieter Kenntnis oder fahrl\u00e4ssige Unkenntnis von der Nichtberechtigung, der Gesch\u00e4ftsunf\u00e4higkeit oder der fehlenden Vertretungsberechtigung des jeweiligen Inhabers hat.<br><br>\u00a7 7 Verhaltensregeln bei der Nutzung von R\u00e4umen<br>(1) Werden dem Kunden R\u00e4umlichkeiten zur Verf\u00fcgung gestellt, ist er nicht berechtigt, r\u00e4umliche Ver\u00e4nderungen der hierhin befindlichen Gegenst\u00e4nden, insbesondere der Tische und Buffettische,<br>sowie Einwirkung auf diese oder auf die Substanz der R\u00e4umlichkeit eigenst\u00e4ndig vorzunehmen.<br>(2) Der Kunde hat die Einrichtung ordnungsgem\u00e4\u00df zu gebrauchen. Der Kunde haftet f\u00fcr<br>Besch\u00e4digung oder unsachgem\u00e4\u00dfen Gebrauch der ihm zur Verf\u00fcgung gestellten Gegenst\u00e4nde, R\u00e4umlichkeiten und Einrichtungen, gleich die Besch\u00e4digung oder Behandlung durch ihn selbst oder durch Dritte anl\u00e4sslich der von ihm ausgerichteten Veranstaltung oder der Verletzung von Schutzgesetzen verantworten ist.<br>(3) Er stellt den Anbieter ggf. von Anspr\u00fcchen Dritter wegen der Besch\u00e4digung oder<br>unsachgem\u00e4\u00dfen Ingebrauchnahme frei.<br>(4) Der Anbieter kann einen Nachweis \u00fcber eine ausreichende Haftpflichtversicherung oder die Leistung einer Sicherheit verlangen.<br>(5) Die Verwendung von elektronischen Ger\u00e4ten des Kunden unter Nutzung der<br>Stromnetzanschl\u00fcsse des Anbieters ist nur nach ausdr\u00fccklicher Zustimmung zul\u00e4ssig. Durch die Verwendung derartiger Ger\u00e4te auftretende St\u00f6rung oder Besch\u00e4digung an technischen Anlagen oder dem sonstigen Eigentum der Anbieter oder dem Eigentum Dritter gehen zu Lasten des<br>Kunden, sofern sie von dem Anbieter nicht zu vertreten sind. Die Stromkosten k\u00f6nnen pauschal abgerechnet werden.<br>(6) Die Nutzung der R\u00e4umlichkeit zu Werbezwecken und die Anbringung von Werbemitteln<br>bed\u00fcrfen der vorherigen ausdr\u00fccklichen Zustimmung des Anbieters.<br>(7) Der Kunde darf Speisen und Getr\u00e4nke zu den Veranstaltungen grunds\u00e4tzlich nicht mitbringen.<br><br>\u00a7 8 Rauchverbot und Hausrecht<br>(1) Es gilt ein generelles Rauchverbot in den geschlossenen R\u00e4umen. Raucherinseln sind<br>gesondert gekennzeichnet.<br>(2) Den Anweisungen unseres Personals ist unbedingt zu Folge zu leisten. Diesem steht das<br>Hausrecht zu. <\/p>\n\n\n\n<p><br>\u00a7 9 Gew\u00e4hrleistung<br>POWERhall kart&amp;event GmbH                                                                                                   Stand 01.2024<br>(1) Der Kunde ist verpflichtet, auftretende M\u00e4ngel der erbrachten Leistungen detailliert und<br>unverz\u00fcglich zu beanstanden und die Anbieterin zur Nachbesserung aufzufordern.<br>(2) Reklamationen von M\u00e4ngeln, die w\u00e4hrend einer Veranstaltung offenkundig erden und bei denen ein Fortfall der \u00dcberpr\u00fcfbarkeit droht, sind unverz\u00fcglich w\u00e4hrend der Veranstaltung,<br>sp\u00e4testens jedoch am Folgetag geltend zu machen. Andernfalls sind M\u00e4ngelanspr\u00fcche<br>ausgeschlossen.<br><br>\u00a7 10 Zusatzbedingungen f\u00fcr die Nutzung der Kartbahnen<br>Unsere Kunden verpflichten sich mit der Anlage eines Kundenkontos, die Bahnregeln zu<br>akzeptieren und verstanden zu haben. Die Bahnregeln und Voraussetzungen f\u00fcr die Nutzung der Anlage sind digitalisiert am Fahrerterminal hinterlegt und k\u00f6nnen jederzeit eingesehen werden.<br><br>\u00a7 11 Haftung<br>(1) Wir haften Ihnen gegen\u00fcber in allen F\u00e4llen vertraglicher und au\u00dfervertraglicher Haftung bei Vorsatz und grober Fahrl\u00e4ssigkeit nach Ma\u00dfgabe der gesetzlichen Bestimmungen auf<br>Schadensersatz oder Ersatz vergeblicher Aufwendungen.<br>(2) In sonstigen F\u00e4llen haften wir \u2013 so weit in Abs. 3 nicht abweichend geregelt \u2013 nur bei Verletzung<br>einer Vertragspflicht, deren Erf\u00fcllung die ordnungsgem\u00e4\u00dfe Durchf\u00fchrung des Vertrags \u00fcberhaupt erst erm\u00f6glicht und auf deren Einhaltung Sie als Kunde regelm\u00e4\u00dfig vertrauen d\u00fcrfen (so genannte Kardinalpflicht), und zwar beschr\u00e4nkt auf den Ersatz des vorhersehbaren und typischen Schadens.<br>In allen \u00fcbrigen F\u00e4llen ist unsere Haftung vorbehaltlich der Regelung in Abs. 3 ausgeschlossen.<br>(3) Unsere Haftung f\u00fcr Sch\u00e4den aus der Verletzung des Lebens, des K\u00f6rpers oder der Gesundheit und nach dem Produkthaftungsgesetz bleibt von den vorstehenden Haftungsbeschr\u00e4nkungen und<br>\u2013 ausschl\u00fcssen unber\u00fchrt.<br>(4) F\u00fcr Sch\u00e4den, die durch eigenes Verschulden des Benutzers, unfallbedingt oder durch<br>unsachgem\u00e4\u00dfe Behandlung oder dadurch entstehen, dass den Anweisungen unseres Personals nicht Folge geleistet wird, \u00fcbernimmt der Benutzer die uneingeschr\u00e4nkte Haftung.<br>(5) Wir \u00fcbernehmen keine Haftung f\u00fcr solche Sch\u00e4den aus dem Betrieb des angemieteten Karts, die durch den Betreiber anderer Karts, deren Fahrer oder Benutzer anderer Karts verursacht werden.<br>(6) F\u00fcr Sch\u00e4den, die durch uns oder unsere Mitarbeiter schuldhaft verursacht werden, haften wir nur in F\u00e4llen von Vorsatz oder grober Fahrl\u00e4ssigkeit.<br>(7) Die Abgabe einer Haftungserkl\u00e4rung ist Voraussetzung f\u00fcr die Nutzung der Kartbahnen.<br><br>\u00a7 12 Urheberrechte und Video\u00fcberwachung<br>(1) Wir haben an allen Bildern, Filme und Texten, die auf unserer Webseite ver\u00f6ffentlicht werden, Urheberrechte. Eine Verwendung der Bilder, Filme und Texte, ist ohne unsere ausdr\u00fcckliche Zustimmung nicht gestattet.<br>(2) Die Kartstrecke, Gastronomiebereich, Kassenbereich und Wartebereich auf der Bahn werden mit mehreren Video-Kameras unter Beachtung der DSGVO \u00fcberwacht.<br>(3) Der Kunde erkl\u00e4rt sich freiwillig einverstanden, dass von ihm Fotos und Filmaufnahmen im Zusammenhang mit der gebuchten Veranstaltung auf der Kartbahn im Zusammenhang mit der \u00d6ffentlichkeitsarbeit (Marketing) der POWERhall kart&amp;event  GmbH unentgeltlich angefertigt werden d\u00fcrfen. Die Fotos und Videos d\u00fcrfen zeitlich, r\u00e4umlich, sachlich und inhaltlich f\u00fcr die \u00d6ffentlichkeitsarbeit (Marketing) verwendet werden.<\/p>\n\n\n\n<p><br>\u00a7 13 Datenschutz<br>(1) Dem Kunden ist bekannt und er willigt darin ein, dass die zu Abwicklung des Auftrags<br>erforderlichen pers\u00f6nlichen Daten von der Anbieterin auf Datentr\u00e4gern gespeichert werden. Der Kunde stimmt der Erhebung, Verarbeitung und Nutzung seiner personenbezogenen Daten ausdr\u00fccklich zu. Die gespeicherten pers\u00f6nlichen Daten werden durch Anbieterin selbstverst\u00e4ndlich vertraulich behandelt. Die Erhebung, Verarbeitung und Nutzung der personenbezogenen Daten des Kunden erfolgt unter Beachtung der Datenschutzverordnung (DSGVO), des Bundesdatenschutzgesetzes (BDSG) und des Telemediengesetzes (TMG). Weitere Information kann der Kunde der Datenschutzerkl\u00e4rung der Anbieterin entnehmen.<br>(2) Dem Kunden steht das Recht zu, seine Einwilligung jederzeit mit Wirkung f\u00fcr die Zukunft zu widerrufen. Die Anbieterin ist in diesem Fall zur sofortigen L\u00f6schung pers\u00f6nlichen Daten des Kunden verpflichtet. Bei laufenden Bestellvorg\u00e4ngen erfolgt die L\u00f6schung nach Abschluss des Bestellvorgangs.<br><br>\u00a7 14 Anwendbares Recht und Gerichtsstand<br>(1) Es gilt das Recht der Bundesrepublik Deutschland unter Ausschluss des UN- Kaufrechts. Wenn Sie die Bestellung als Verbraucher abgegeben haben und zum Zeitpunkt Ihrer Bestellung Ihren gew\u00f6hnlichen Aufenthalt in einem anderen Land haben, bleibt die Anwendung zwingender Rechtsvorschriften dieses Landes von der in Satz 1 getroffenen Rechtswahl unber\u00fchrt.<br>(2) Sofern es sich beim Kunden um einen Kaufmann, eine juristische Person des \u00f6ffentlichen Rechts oder um ein \u00f6ffentlich-rechtliches Sonderverm\u00f6gen handelt, ist Gerichtsstand f\u00fcr alle Streitigkeiten aus Vertragsverh\u00e4ltnissen zwischen dem Kunden und uns Chemnitz.<br>(3) Der Vertrag bleibt auch bei rechtlicher Unwirksamkeit einzelner Punkte in seinen \u00fcbrigen Teilen<br>verbindlich. Anstelle der unwirksamen Punkte treten, soweit vorhanden, die gesetzlichen<br>Vorschriften. Soweit dies f\u00fcr eine Vertragspartei eine unzumutbare H\u00e4rte darstellen w\u00fcrde, wird<br>der Vertrag jedoch im Ganzen unwirksam.<br>(4) Der Gerichtsstand ist Chemnitz.<\/p>\n\n\n\n<p><\/p>\n","protected":false},"excerpt":{"rendered":"<p>POWERhall kart&amp;event GmbH Stand 03.2025Diese Allgemeinen Gesch\u00e4ftsbedingungen (im Folgenden: AGB) gelten f\u00fcr alle gegenw\u00e4rtigen undzuk\u00fcnftigen Gesch\u00e4ftsbeziehungen zwischen uns, der POWERhall kart&amp;event GmbH, Wildparkstr. 8 \u2013 14,09247 Chemnitzim Handelsregister des Amtsgerichtes ChemnitzHandelsregisternummer HRB- Nr. 31144, vertreten durch den Gesch\u00e4ftsf\u00fchrer Tristan Koch(im Folgenden auch: Anbieter genannt) und Ihnen als Kunden. \u00a7 1 Geltungsbereich(1) F\u00fcr die Gesch\u00e4ftsbeziehung zwischen &hellip; <\/p>\n<p class=\"link-more\"><a href=\"https:\/\/www.powerhall.de\/?page_id=870\" class=\"more-link\"><span class=\"screen-reader-text\">\u201eAllgemeine Gesch\u00e4ftsbedigungen (AGB)\u201c<\/span> weiterlesen<\/a><\/p>\n","protected":false},"author":1,"featured_media":0,"parent":0,"menu_order":0,"comment_status":"closed","ping_status":"closed","template":"","meta":{"footnotes":""},"class_list":["post-870","page","type-page","status-publish","hentry"],"_links":{"self":[{"href":"https:\/\/www.powerhall.de\/index.php?rest_route=\/wp\/v2\/pages\/870","targetHints":{"allow":["GET"]}}],"collection":[{"href":"https:\/\/www.powerhall.de\/index.php?rest_route=\/wp\/v2\/pages"}],"about":[{"href":"https:\/\/www.powerhall.de\/index.php?rest_route=\/wp\/v2\/types\/page"}],"author":[{"embeddable":true,"href":"https:\/\/www.powerhall.de\/index.php?rest_route=\/wp\/v2\/users\/1"}],"replies":[{"embeddable":true,"href":"https:\/\/www.powerhall.de\/index.php?rest_route=%2Fwp%2Fv2%2Fcomments&post=870"}],"version-history":[{"count":3,"href":"https:\/\/www.powerhall.de\/index.php?rest_route=\/wp\/v2\/pages\/870\/revisions"}],"predecessor-version":[{"id":1452,"href":"https:\/\/www.powerhall.de\/index.php?rest_route=\/wp\/v2\/pages\/870\/revisions\/1452"}],"wp:attachment":[{"href":"https:\/\/www.powerhall.de\/index.php?rest_route=%2Fwp%2Fv2%2Fmedia&parent=870"}],"curies":[{"name":"wp","href":"https:\/\/api.w.org\/{rel}","templated":true}]}}